{"id":38,"date":"2024-04-15T21:47:10","date_gmt":"2024-04-15T20:47:10","guid":{"rendered":"https:\/\/www.villa-hiba-marrakech.com\/?page_id=38"},"modified":"2024-04-16T15:41:04","modified_gmt":"2024-04-16T14:41:04","slug":"gallerie","status":"publish","type":"page","link":"https:\/\/www.villa-hiba-marrakech.com\/en\/gallerie\/","title":{"rendered":"Gallerie"},"content":{"rendered":"<div data-elementor-type=\"wp-page\" data-elementor-id=\"38\" class=\"elementor elementor-38\">\n\t\t\t\t<section class=\"elementor-element elementor-element-22245ad e-flex e-con-boxed e-con e-parent\" data-id=\"22245ad\" data-element_type=\"container\">\n\t\t\t\t\t<div class=\"e-con-inner\">\n\t\t\t\t<div class=\"elementor-element elementor-element-3917949 elementor-widget elementor-widget-heading\" data-id=\"3917949\" data-element_type=\"widget\" data-widget_type=\"heading.default\">\n\t\t\t\t\t<h1 class=\"elementor-heading-title elementor-size-default\">Gallerie<\/h1>\t\t\t\t<\/div>\n\t\t\t\t<div class=\"elementor-element elementor-element-c8026d4 elementor-widget elementor-widget-text-editor\" data-id=\"c8026d4\" data-element_type=\"widget\" data-widget_type=\"text-editor.default\">\n\t\t\t\t\t\t\t\t\t<p>Laissez-vous captiver par notre galerie photos qui capture toute la beaut\u00e9 et le caract\u00e8re unique de cette demeure d&rsquo;exception.<\/p><p>D\u00e9couvrez l&rsquo;\u00e9quilibre parfait entre tradition ancestrale et raffinement contemporain qui r\u00e8gne dans chaque recoin de cette propri\u00e9t\u00e9 de luxe. Des chambres baign\u00e9es de lumi\u00e8re naturelle aux espaces communs d\u00e9bordant de charme marocain, chaque image vous plongera dans une exp\u00e9rience sensorielle hors du commun.<\/p><p>Que ce soit les d\u00e9tails architecturaux typiques, les splendides jardins fleuris ou les coins de d\u00e9tente cocooning, chaque clich\u00e9 vous transportera au plus pr\u00e8s du s\u00e9jour inoubliable que vous vivrez au sein de la Villa Hiba.<\/p>\t\t\t\t\t\t\t\t<\/div>\n\t\t\t\t\t<\/div>\n\t\t\t\t<\/section>\n\t\t<div class=\"elementor-element elementor-element-a2c120c e-con-full e-flex e-con e-parent\" data-id=\"a2c120c\" data-element_type=\"container\">\n\t\t\t\t<\/div>\n\t\t\t\t<\/div>","protected":false},"excerpt":{"rendered":"<p>Gallerie Laissez-vous captiver par notre galerie photos qui capture toute la beaut\u00e9 et le caract\u00e8re unique de cette demeure d&rsquo;exception. D\u00e9couvrez l&rsquo;\u00e9quilibre parfait entre tradition ancestrale et raffinement contemporain qui r\u00e8gne dans chaque recoin de cette propri\u00e9t\u00e9 de luxe. Des chambres baign\u00e9es de lumi\u00e8re naturelle aux espaces communs d\u00e9bordant de charme marocain, chaque image vous [&hellip;]<\/p>","protected":false},"author":1,"featured_media":0,"parent":0,"menu_order":0,"comment_status":"closed","ping_status":"closed","template":"elementor_header_footer","meta":{"footnotes":""},"_links":{"self":[{"href":"https:\/\/www.villa-hiba-marrakech.com\/en\/wp-json\/wp\/v2\/pages\/38"}],"collection":[{"href":"https:\/\/www.villa-hiba-marrakech.com\/en\/wp-json\/wp\/v2\/pages"}],"about":[{"href":"https:\/\/www.villa-hiba-marrakech.com\/en\/wp-json\/wp\/v2\/types\/page"}],"author":[{"embeddable":true,"href":"https:\/\/www.villa-hiba-marrakech.com\/en\/wp-json\/wp\/v2\/users\/1"}],"replies":[{"embeddable":true,"href":"https:\/\/www.villa-hiba-marrakech.com\/en\/wp-json\/wp\/v2\/comments?post=38"}],"version-history":[{"count":25,"href":"https:\/\/www.villa-hiba-marrakech.com\/en\/wp-json\/wp\/v2\/pages\/38\/revisions"}],"predecessor-version":[{"id":617,"href":"https:\/\/www.villa-hiba-marrakech.com\/en\/wp-json\/wp\/v2\/pages\/38\/revisions\/617"}],"wp:attachment":[{"href":"https:\/\/www.villa-hiba-marrakech.com\/en\/wp-json\/wp\/v2\/media?parent=38"}],"curies":[{"name":"wp","href":"https:\/\/api.w.org\/{rel}","templated":true}]}}